{"id":17390,"date":"2023-07-26T14:11:46","date_gmt":"2023-07-26T14:11:20","guid":{"rendered":"https:\/\/numberone-vir.com\/piskotki-copy\/"},"modified":"2024-06-07T12:51:53","modified_gmt":"2024-06-07T12:51:53","slug":"politika-zasebnosti","status":"publish","type":"page","link":"https:\/\/numberone-vir.com\/hr\/politika-zasebnosti\/","title":{"rendered":"Politika privatnosti"},"content":{"rendered":"\t\t<div data-elementor-type=\"wp-page\" data-elementor-id=\"17390\" class=\"elementor elementor-17390\" data-elementor-post-type=\"page\">\n\t\t\t\t\t\t\t<div class=\"elementor-element elementor-element-e9aeaf6 animated-slow e-flex e-con-boxed elementor-invisible e-con e-parent\" data-id=\"e9aeaf6\" data-element_type=\"container\" data-settings=\"{&quot;background_background&quot;:&quot;classic&quot;,&quot;animation&quot;:&quot;fadeIn&quot;,&quot;animation_delay&quot;:0,&quot;shape_divider_bottom&quot;:&quot;mountains&quot;,&quot;container_type&quot;:&quot;flex&quot;,&quot;content_width&quot;:&quot;boxed&quot;}\" data-e-bg-lazyload=\"\" data-core-v316-plus=\"true\">\n\t\t\t\t\t<div class=\"e-con-inner\">\n\t\t\t\t<div class=\"elementor-shape elementor-shape-bottom\" data-negative=\"false\">\n\t\t\t<svg xmlns=\"http:\/\/www.w3.org\/2000\/svg\" viewBox=\"0 0 1000 100\" preserveAspectRatio=\"none\">\n\t<path class=\"elementor-shape-fill\" opacity=\"0.33\" d=\"M473,67.3c-203.9,88.3-263.1-34-320.3,0C66,119.1,0,59.7,0,59.7V0h1000v59.7 c0,0-62.1,26.1-94.9,29.3c-32.8,3.3-62.8-12.3-75.8-22.1C806,49.6,745.3,8.7,694.9,4.7S492.4,59,473,67.3z\"\/>\n\t<path class=\"elementor-shape-fill\" opacity=\"0.66\" d=\"M734,67.3c-45.5,0-77.2-23.2-129.1-39.1c-28.6-8.7-150.3-10.1-254,39.1 s-91.7-34.4-149.2,0C115.7,118.3,0,39.8,0,39.8V0h1000v36.5c0,0-28.2-18.5-92.1-18.5C810.2,18.1,775.7,67.3,734,67.3z\"\/>\n\t<path class=\"elementor-shape-fill\" d=\"M766.1,28.9c-200-57.5-266,65.5-395.1,19.5C242,1.8,242,5.4,184.8,20.6C128,35.8,132.3,44.9,89.9,52.5C28.6,63.7,0,0,0,0 h1000c0,0-9.9,40.9-83.6,48.1S829.6,47,766.1,28.9z\"\/>\n<\/svg>\t\t<\/div>\n\t\t\t\t<div class=\"elementor-element elementor-element-704d2de elementor-invisible elementor-widget elementor-widget-heading\" data-id=\"704d2de\" data-element_type=\"widget\" data-settings=\"{&quot;_animation&quot;:&quot;fadeInDown&quot;,&quot;_animation_delay&quot;:0}\" data-widget_type=\"heading.default\">\n\t\t\t\t<div class=\"elementor-widget-container\">\n\t\t\t<style>\/*! elementor - v3.16.0 - 20-09-2023 *\/\n.elementor-heading-title{padding:0;margin:0;line-height:1}.elementor-widget-heading .elementor-heading-title[class*=elementor-size-]>a{color:inherit;font-size:inherit;line-height:inherit}.elementor-widget-heading .elementor-heading-title.elementor-size-small{font-size:15px}.elementor-widget-heading .elementor-heading-title.elementor-size-medium{font-size:19px}.elementor-widget-heading .elementor-heading-title.elementor-size-large{font-size:29px}.elementor-widget-heading .elementor-heading-title.elementor-size-xl{font-size:39px}.elementor-widget-heading .elementor-heading-title.elementor-size-xxl{font-size:59px}<\/style><h2 class=\"elementor-heading-title elementor-size-default\">Politika zasebnosti<\/h2>\t\t<\/div>\n\t\t\t\t<\/div>\n\t\t\t\t\t<\/div>\n\t\t\t\t<\/div>\n\t\t<div class=\"elementor-element elementor-element-09e0f90 e-flex e-con-boxed e-con e-parent\" data-id=\"09e0f90\" data-element_type=\"container\" data-settings=\"{&quot;container_type&quot;:&quot;flex&quot;,&quot;content_width&quot;:&quot;boxed&quot;}\" data-core-v316-plus=\"true\">\n\t\t\t\t\t<div class=\"e-con-inner\">\n\t\t\t\t<div class=\"elementor-element elementor-element-f768159 elementor-widget elementor-widget-text-editor\" data-id=\"f768159\" data-element_type=\"widget\" data-widget_type=\"text-editor.default\">\n\t\t\t\t<div class=\"elementor-widget-container\">\n\t\t\t<style>\/*! elementor - v3.16.0 - 20-09-2023 *\/\n.elementor-widget-text-editor.elementor-drop-cap-view-stacked .elementor-drop-cap{background-color:#69727d;color:#fff}.elementor-widget-text-editor.elementor-drop-cap-view-framed .elementor-drop-cap{color:#69727d;border:3px solid;background-color:transparent}.elementor-widget-text-editor:not(.elementor-drop-cap-view-default) .elementor-drop-cap{margin-top:8px}.elementor-widget-text-editor:not(.elementor-drop-cap-view-default) .elementor-drop-cap-letter{width:1em;height:1em}.elementor-widget-text-editor .elementor-drop-cap{float:left;text-align:center;line-height:1;font-size:50px}.elementor-widget-text-editor .elementor-drop-cap-letter{display:inline-block}<\/style>\t\t\t\t<div class=\"elementor-element elementor-element-59cf1d6a elementor-widget elementor-widget-text-editor\" data-id=\"59cf1d6a\" data-element_type=\"widget\" data-widget_type=\"text-editor.default\"><div class=\"elementor-widget-container\"><div class=\"elementor-text-editor elementor-clearfix\"><h3>KATERE VA\u0160E INFORMACIJE ZBIRAMO?<\/h3><div class=\"content\">Za potrebe realizacije spletne rezervacije se shranijo kontaktni podatki in podatki o nosilcu rezervacije ali gostu.<\/div><h3>ZA KAJ UPORABLJAMO VA\u0160E PODATKE?<\/h3><div class=\"content\">Va\u0161e podatke lahko uporabimo za odgovarjanje na vpra\u0161anja oz. realizacijo poslane rezervacije ali povpra\u0161evanja. Va\u0161i podatki se ne bodo prodajali, zamenjali, prena\u0161ali ali dali kateri koli drugi dru\u017ebi iz kakr\u0161nega koli razloga.<\/div><h3>KAKO VARUJEMO VA\u0160E PODATKE?<\/h3><div class=\"content\">Va\u0161i podatki vezani na rezervacijo so za potrebe izvedbe le-te shranjeni v rezervacijskem sistemu, ki ga uporabljamo za vodenje rezervacij (ponudnik sistema je podjetje INTERSPLET d.o.o.). Dostop do podatkov imajo samo osebe zaposlene v podjetju in imajo za to dodeljene pravice (recepcija, podpora). Vsi podatki med spletno stranjo in rezervacijskim sistemom se prena\u0161ajo po varni HTTPS povezavi. Spletna pla\u010dila in druge transakcije se izvajajo na spletnih straneh ponudnika storitve (npr. banke, PayPal) in se ne obdelujejo ali shranjujejo pri nas.<\/div><h3>ALI UPORABLJAMO PI\u0160KOTKE?<\/h3><div class=\"content\">Da. Pi\u0161kotki so majhne datoteke, ki jih shranimo na trdi disk va\u0161ega ra\u010dunalnika prek spletnega brskalnika (\u010de dovoljujete), kar na\u0161emu sistemu omogo\u010da, da prepozna va\u0161 brskalnik in zajame ter zapomni dolo\u010dene informacije. Uporabljamo tudi pi\u0161kotke, ki nam pomagajo sestaviti skupne podatke o prometu spletnega mesta in interakciji na spletnem mestu, tako da bomo v prihodnosti lahko ponudili bolj\u0161e izku\u0161nje in orodja na spletnem mestu. \u010ce onemogo\u010dite pi\u0161kotke, bodo nekatere funkcije onemogo\u010dene. Onemogo\u010dene bodo nekatere funkcionalnosti, ki omogo\u010dajo, da so servisne izku\u0161nje u\u010dinkovitej\u0161e. Nekatere na\u0161e storitve ne bodo delovale pravilno. Ve\u010d o pi\u0161kotkih: \/piskotki\/<\/div><h3>RAZKRITJE TRETJIM OSEBAM<\/h3><div class=\"content\">Va\u0161ih osebnih podatkov ne prodajamo, ne trgujemo z njimi ali jih kako druga\u010de prena\u0161amo zunanjim osebam.<\/div><h3>POVEZAVE TRETJIH OSEB<\/h3><div class=\"content\">Na spletni strani lahko vklju\u010dujemo ali ponudimo produkte ali storitve tretjih oseb. Te spletne strani tretjih oseb imajo lo\u010dene in neodvisne politike zasebnosti. Iz tega razloga nismo odgovorni za vsebino in dejavnosti teh povezanih spletnih mest. Kljub temu si prizadevamo za\u0161\u010dititi integriteto na\u0161e strani, zato so kakr\u0161ne koli povratne informacije o teh spletnih straneh dobrodo\u0161le.<\/div><h3>SPREMEMBE NA\u0160EGA PRAVILNIKA ZASEBNOSTI<\/h3><div class=\"content\">\u010ce se odlo\u010dimo za spremembo na\u0161e politike zasebnosti, bomo te spremembe objavili na tej strani.<\/div><h3>KONTAKT Z NAMI<\/h3><div class=\"content\">\u010ce imate kakr\u0161na koli vpra\u0161anja o tem pravilniku zasebnosti, se obrnite na nas preko kontaktne strani ali objavljenih kontaktov.<\/div><\/div><\/div><\/div>\t\t\t\t\t\t<\/div>\n\t\t\t\t<\/div>\n\t\t\t\t\t<\/div>\n\t\t\t\t<\/div>\n\t\t\t\t\t\t\t<\/div>\n\t\t","protected":false},"excerpt":{"rendered":"<p>Politika zasebnosti KATERE VA\u0160E INFORMACIJE ZBIRAMO? Za potrebe realizacije spletne rezervacije se shranijo kontaktni podatki in podatki o nosilcu rezervacije ali gostu. ZA KAJ UPORABLJAMO VA\u0160E PODATKE? Va\u0161e podatke lahko uporabimo za odgovarjanje na vpra\u0161anja oz. realizacijo poslane rezervacije ali povpra\u0161evanja. Va\u0161i podatki se ne bodo prodajali, zamenjali, prena\u0161ali ali dali kateri koli drugi dru\u017ebi [&hellip;]<\/p>\n","protected":false},"author":1,"featured_media":16947,"parent":0,"menu_order":8,"comment_status":"closed","ping_status":"closed","template":"template-blank.php","meta":{"footnotes":""},"class_list":["post-17390","page","type-page","status-publish","has-post-thumbnail","hentry"],"yoast_head":"<!-- This site is optimized with the Yoast SEO plugin v22.8 - https:\/\/yoast.com\/wordpress\/plugins\/seo\/ -->\n<title>Politika zasebnosti | Number One<\/title>\n<meta name=\"robots\" content=\"noindex, nofollow\" \/>\n<meta property=\"og:locale\" content=\"hr_HR\" \/>\n<meta property=\"og:type\" content=\"article\" \/>\n<meta property=\"og:title\" content=\"Politika zasebnosti | Number One\" \/>\n<meta property=\"og:description\" content=\"Politika zasebnosti KATERE VA\u0160E INFORMACIJE ZBIRAMO? Za potrebe realizacije spletne rezervacije se shranijo kontaktni podatki in podatki o nosilcu rezervacije ali gostu. ZA KAJ UPORABLJAMO VA\u0160E PODATKE? Va\u0161e podatke lahko uporabimo za odgovarjanje na vpra\u0161anja oz. realizacijo poslane rezervacije ali povpra\u0161evanja. Va\u0161i podatki se ne bodo prodajali, zamenjali, prena\u0161ali ali dali kateri koli drugi dru\u017ebi [&hellip;]\" \/>\n<meta property=\"og:url\" content=\"https:\/\/numberone-vir.com\/hr\/politika-zasebnosti\/\" \/>\n<meta property=\"og:site_name\" content=\"Number One\" \/>\n<meta property=\"article:modified_time\" content=\"2024-06-07T12:51:53+00:00\" \/>\n<meta property=\"og:image\" content=\"https:\/\/numberone-vir.com\/wp-content\/uploads\/2023\/07\/QueenSuitFor4-3.jpg\" \/>\n\t<meta property=\"og:image:width\" content=\"1600\" \/>\n\t<meta property=\"og:image:height\" content=\"1066\" \/>\n\t<meta property=\"og:image:type\" content=\"image\/jpeg\" \/>\n<meta name=\"twitter:card\" content=\"summary_large_image\" \/>\n<meta name=\"twitter:label1\" content=\"Procijenjeno vrijeme \u010ditanja\" \/>\n\t<meta name=\"twitter:data1\" content=\"3 minute\" \/>\n<script type=\"application\/ld+json\" class=\"yoast-schema-graph\">{\"@context\":\"https:\/\/schema.org\",\"@graph\":[{\"@type\":\"WebPage\",\"@id\":\"https:\/\/numberone-vir.com\/politika-zasebnosti\/\",\"url\":\"https:\/\/numberone-vir.com\/politika-zasebnosti\/\",\"name\":\"Politika zasebnosti | Number One\",\"isPartOf\":{\"@id\":\"https:\/\/numberone-vir.com\/#website\"},\"primaryImageOfPage\":{\"@id\":\"https:\/\/numberone-vir.com\/politika-zasebnosti\/#primaryimage\"},\"image\":{\"@id\":\"https:\/\/numberone-vir.com\/politika-zasebnosti\/#primaryimage\"},\"thumbnailUrl\":\"https:\/\/numberone-vir.com\/wp-content\/uploads\/2023\/07\/QueenSuitFor4-3.jpg\",\"datePublished\":\"2023-07-26T14:11:20+00:00\",\"dateModified\":\"2024-06-07T12:51:53+00:00\",\"breadcrumb\":{\"@id\":\"https:\/\/numberone-vir.com\/politika-zasebnosti\/#breadcrumb\"},\"inLanguage\":\"hr\",\"potentialAction\":[{\"@type\":\"ReadAction\",\"target\":[\"https:\/\/numberone-vir.com\/politika-zasebnosti\/\"]}]},{\"@type\":\"ImageObject\",\"inLanguage\":\"hr\",\"@id\":\"https:\/\/numberone-vir.com\/politika-zasebnosti\/#primaryimage\",\"url\":\"https:\/\/numberone-vir.com\/wp-content\/uploads\/2023\/07\/QueenSuitFor4-3.jpg\",\"contentUrl\":\"https:\/\/numberone-vir.com\/wp-content\/uploads\/2023\/07\/QueenSuitFor4-3.jpg\",\"width\":1600,\"height\":1066},{\"@type\":\"BreadcrumbList\",\"@id\":\"https:\/\/numberone-vir.com\/politika-zasebnosti\/#breadcrumb\",\"itemListElement\":[{\"@type\":\"ListItem\",\"position\":1,\"name\":\"Home\",\"item\":\"https:\/\/numberone-vir.com\/\"},{\"@type\":\"ListItem\",\"position\":2,\"name\":\"Politika zasebnosti\"}]},{\"@type\":\"WebSite\",\"@id\":\"https:\/\/numberone-vir.com\/#website\",\"url\":\"https:\/\/numberone-vir.com\/\",\"name\":\"Number One\",\"description\":\"Luksuzni apartmaji\",\"potentialAction\":[{\"@type\":\"SearchAction\",\"target\":{\"@type\":\"EntryPoint\",\"urlTemplate\":\"https:\/\/numberone-vir.com\/?s={search_term_string}\"},\"query-input\":\"required name=search_term_string\"}],\"inLanguage\":\"hr\"}]}<\/script>\n<!-- \/ Yoast SEO plugin. -->","yoast_head_json":{"title":"Politika zasebnosti | Number One","robots":{"index":"noindex","follow":"nofollow"},"og_locale":"hr_HR","og_type":"article","og_title":"Politika zasebnosti | Number One","og_description":"Politika zasebnosti KATERE VA\u0160E INFORMACIJE ZBIRAMO? Za potrebe realizacije spletne rezervacije se shranijo kontaktni podatki in podatki o nosilcu rezervacije ali gostu. ZA KAJ UPORABLJAMO VA\u0160E PODATKE? Va\u0161e podatke lahko uporabimo za odgovarjanje na vpra\u0161anja oz. realizacijo poslane rezervacije ali povpra\u0161evanja. Va\u0161i podatki se ne bodo prodajali, zamenjali, prena\u0161ali ali dali kateri koli drugi dru\u017ebi [&hellip;]","og_url":"https:\/\/numberone-vir.com\/hr\/politika-zasebnosti\/","og_site_name":"Number One","article_modified_time":"2024-06-07T12:51:53+00:00","og_image":[{"width":1600,"height":1066,"url":"https:\/\/numberone-vir.com\/wp-content\/uploads\/2023\/07\/QueenSuitFor4-3.jpg","type":"image\/jpeg"}],"twitter_card":"summary_large_image","twitter_misc":{"Procijenjeno vrijeme \u010ditanja":"3 minute"},"schema":{"@context":"https:\/\/schema.org","@graph":[{"@type":"WebPage","@id":"https:\/\/numberone-vir.com\/politika-zasebnosti\/","url":"https:\/\/numberone-vir.com\/politika-zasebnosti\/","name":"Politika zasebnosti | Number One","isPartOf":{"@id":"https:\/\/numberone-vir.com\/#website"},"primaryImageOfPage":{"@id":"https:\/\/numberone-vir.com\/politika-zasebnosti\/#primaryimage"},"image":{"@id":"https:\/\/numberone-vir.com\/politika-zasebnosti\/#primaryimage"},"thumbnailUrl":"https:\/\/numberone-vir.com\/wp-content\/uploads\/2023\/07\/QueenSuitFor4-3.jpg","datePublished":"2023-07-26T14:11:20+00:00","dateModified":"2024-06-07T12:51:53+00:00","breadcrumb":{"@id":"https:\/\/numberone-vir.com\/politika-zasebnosti\/#breadcrumb"},"inLanguage":"hr","potentialAction":[{"@type":"ReadAction","target":["https:\/\/numberone-vir.com\/politika-zasebnosti\/"]}]},{"@type":"ImageObject","inLanguage":"hr","@id":"https:\/\/numberone-vir.com\/politika-zasebnosti\/#primaryimage","url":"https:\/\/numberone-vir.com\/wp-content\/uploads\/2023\/07\/QueenSuitFor4-3.jpg","contentUrl":"https:\/\/numberone-vir.com\/wp-content\/uploads\/2023\/07\/QueenSuitFor4-3.jpg","width":1600,"height":1066},{"@type":"BreadcrumbList","@id":"https:\/\/numberone-vir.com\/politika-zasebnosti\/#breadcrumb","itemListElement":[{"@type":"ListItem","position":1,"name":"Home","item":"https:\/\/numberone-vir.com\/"},{"@type":"ListItem","position":2,"name":"Politika zasebnosti"}]},{"@type":"WebSite","@id":"https:\/\/numberone-vir.com\/#website","url":"https:\/\/numberone-vir.com\/","name":"Number One","description":"Luksuzni apartmaji","potentialAction":[{"@type":"SearchAction","target":{"@type":"EntryPoint","urlTemplate":"https:\/\/numberone-vir.com\/?s={search_term_string}"},"query-input":"required name=search_term_string"}],"inLanguage":"hr"}]}},"_links":{"self":[{"href":"https:\/\/numberone-vir.com\/hr\/wp-json\/wp\/v2\/pages\/17390","targetHints":{"allow":["GET"]}}],"collection":[{"href":"https:\/\/numberone-vir.com\/hr\/wp-json\/wp\/v2\/pages"}],"about":[{"href":"https:\/\/numberone-vir.com\/hr\/wp-json\/wp\/v2\/types\/page"}],"author":[{"embeddable":true,"href":"https:\/\/numberone-vir.com\/hr\/wp-json\/wp\/v2\/users\/1"}],"replies":[{"embeddable":true,"href":"https:\/\/numberone-vir.com\/hr\/wp-json\/wp\/v2\/comments?post=17390"}],"version-history":[{"count":4,"href":"https:\/\/numberone-vir.com\/hr\/wp-json\/wp\/v2\/pages\/17390\/revisions"}],"predecessor-version":[{"id":17394,"href":"https:\/\/numberone-vir.com\/hr\/wp-json\/wp\/v2\/pages\/17390\/revisions\/17394"}],"wp:featuredmedia":[{"embeddable":true,"href":"https:\/\/numberone-vir.com\/hr\/wp-json\/wp\/v2\/media\/16947"}],"wp:attachment":[{"href":"https:\/\/numberone-vir.com\/hr\/wp-json\/wp\/v2\/media?parent=17390"}],"curies":[{"name":"wp","href":"https:\/\/api.w.org\/{rel}","templated":true}]}}