{"id":17969,"date":"2024-06-10T12:36:45","date_gmt":"2024-06-10T10:36:45","guid":{"rendered":"https:\/\/numberone-vir.com\/?page_id=17969"},"modified":"2024-06-12T11:11:23","modified_gmt":"2024-06-12T09:11:23","slug":"blog","status":"publish","type":"page","link":"https:\/\/numberone-vir.com\/en\/blog\/","title":{"rendered":"Blog"},"content":{"rendered":"<div data-elementor-type=\"wp-page\" data-elementor-id=\"17969\" class=\"elementor elementor-17969\" data-elementor-post-type=\"page\">\n\t\t\t\t\t\t\t<div class=\"elementor-element elementor-element-b85f958 e-flex e-con-boxed e-con e-parent\" data-id=\"b85f958\" data-element_type=\"container\" data-settings=\"{&quot;container_type&quot;:&quot;flex&quot;,&quot;content_width&quot;:&quot;boxed&quot;}\" data-core-v316-plus=\"true\">\n\t\t\t\t\t<div class=\"e-con-inner\">\n\t\t<div class=\"elementor-element elementor-element-ab8306a e-con-full e-flex e-con e-child\" data-id=\"ab8306a\" data-element_type=\"container\" data-settings=\"{&quot;content_width&quot;:&quot;full&quot;,&quot;container_type&quot;:&quot;flex&quot;}\">\n\t\t\t\t<div class=\"elementor-element elementor-element-0df4107 elementor-grid-2 elementor-grid-tablet-2 elementor-grid-mobile-1 elementor-posts--thumbnail-top elementor-card-shadow-yes elementor-posts__hover-gradient elementor-widget elementor-widget-posts\" data-id=\"0df4107\" data-element_type=\"widget\" data-settings=\"{&quot;cards_columns&quot;:&quot;2&quot;,&quot;cards_columns_tablet&quot;:&quot;2&quot;,&quot;cards_columns_mobile&quot;:&quot;1&quot;,&quot;cards_row_gap&quot;:{&quot;unit&quot;:&quot;px&quot;,&quot;size&quot;:35,&quot;sizes&quot;:[]},&quot;cards_row_gap_widescreen&quot;:{&quot;unit&quot;:&quot;px&quot;,&quot;size&quot;:&quot;&quot;,&quot;sizes&quot;:[]},&quot;cards_row_gap_laptop&quot;:{&quot;unit&quot;:&quot;px&quot;,&quot;size&quot;:&quot;&quot;,&quot;sizes&quot;:[]},&quot;cards_row_gap_tablet&quot;:{&quot;unit&quot;:&quot;px&quot;,&quot;size&quot;:&quot;&quot;,&quot;sizes&quot;:[]},&quot;cards_row_gap_mobile&quot;:{&quot;unit&quot;:&quot;px&quot;,&quot;size&quot;:&quot;&quot;,&quot;sizes&quot;:[]}}\" data-widget_type=\"posts.cards\">\n\t\t\t\t<div class=\"elementor-widget-container\">\n\t\t\t<link rel=\"stylesheet\" href=\"https:\/\/numberone-vir.com\/wp-content\/plugins\/elementor-pro\/assets\/css\/widget-posts.min.css\">\t\t<div class=\"elementor-posts-container elementor-posts elementor-posts--skin-cards elementor-grid\">\n\t\t\t\t<article class=\"elementor-post elementor-grid-item post-18110 post type-post status-publish format-standard has-post-thumbnail hentry category-otok-vir\">\n\t\t\t<div class=\"elementor-post__card\">\n\t\t\t\t<a class=\"elementor-post__thumbnail__link\" href=\"https:\/\/numberone-vir.com\/en\/plaze-vir\/\" tabindex=\"-1\" ><div class=\"elementor-post__thumbnail\"><img loading=\"lazy\" decoding=\"async\" width=\"900\" height=\"600\" src=\"https:\/\/numberone-vir.com\/wp-content\/uploads\/2024\/06\/plaze-vir.jpg\" class=\"attachment-full size-full wp-image-18113\" alt=\"Pla\u017ee Vir\" srcset=\"https:\/\/numberone-vir.com\/wp-content\/uploads\/2024\/06\/plaze-vir.jpg 900w, https:\/\/numberone-vir.com\/wp-content\/uploads\/2024\/06\/plaze-vir-300x200.jpg 300w, https:\/\/numberone-vir.com\/wp-content\/uploads\/2024\/06\/plaze-vir-768x512.jpg 768w, https:\/\/numberone-vir.com\/wp-content\/uploads\/2024\/06\/plaze-vir-18x12.jpg 18w\" sizes=\"auto, (max-width: 900px) 100vw, 900px\" \/><\/div><\/a>\n\t\t\t\t<div class=\"elementor-post__text\">\n\t\t\t\t<h3 class=\"elementor-post__title\">\n\t\t\t<a href=\"https:\/\/numberone-vir.com\/en\/plaze-vir\/\" >\n\t\t\t\tNajlep\u0161e pla\u017ee na otoku Vir\t\t\t<\/a>\n\t\t<\/h3>\n\t\t\t\t<div class=\"elementor-post__excerpt\">\n\t\t\t<p>Presene\u010deni boste nad raznovrstnostjo, ki jo ponuja dobrih 22 kvadratnih kilometrov, kolikor meri otok Vir. Kot del Zadarskega arhipelaga ta majhen otok kljub svoji relativni<\/p>\n\t\t<\/div>\n\t\t\n\t\t<a class=\"elementor-post__read-more\" href=\"https:\/\/numberone-vir.com\/en\/plaze-vir\/\" aria-label=\"Read more about Najlep\u0161e pla\u017ee na otoku Vir\" tabindex=\"-1\" >\n\t\t\tPreberi ve\u010d \u00bb\t\t<\/a>\n\n\t\t\t\t<\/div>\n\t\t\t\t<div class=\"elementor-post__meta-data\">\n\t\t\t\t\t<span class=\"elementor-post-date\">\n\t\t\t12.06.2024\t\t<\/span>\n\t\t\t\t<span class=\"elementor-post-avatar\">\n\t\t\tNo Comments\t\t<\/span>\n\t\t\t\t<\/div>\n\t\t\t\t\t<\/div>\n\t\t<\/article>\n\t\t\t\t<article class=\"elementor-post elementor-grid-item post-18101 post type-post status-publish format-standard has-post-thumbnail hentry category-otok-vir\">\n\t\t\t<div class=\"elementor-post__card\">\n\t\t\t\t<a class=\"elementor-post__thumbnail__link\" href=\"https:\/\/numberone-vir.com\/en\/znamenitosti-vir\/\" tabindex=\"-1\" ><div class=\"elementor-post__thumbnail\"><img loading=\"lazy\" decoding=\"async\" width=\"900\" height=\"600\" src=\"https:\/\/numberone-vir.com\/wp-content\/uploads\/2024\/06\/vir-znamenitosti.jpg\" class=\"attachment-full size-full wp-image-18102\" alt=\"Vir znamenitosti\" srcset=\"https:\/\/numberone-vir.com\/wp-content\/uploads\/2024\/06\/vir-znamenitosti.jpg 900w, https:\/\/numberone-vir.com\/wp-content\/uploads\/2024\/06\/vir-znamenitosti-300x200.jpg 300w, https:\/\/numberone-vir.com\/wp-content\/uploads\/2024\/06\/vir-znamenitosti-768x512.jpg 768w, https:\/\/numberone-vir.com\/wp-content\/uploads\/2024\/06\/vir-znamenitosti-18x12.jpg 18w\" sizes=\"auto, (max-width: 900px) 100vw, 900px\" \/><\/div><\/a>\n\t\t\t\t<div class=\"elementor-post__text\">\n\t\t\t\t<h3 class=\"elementor-post__title\">\n\t\t\t<a href=\"https:\/\/numberone-vir.com\/en\/znamenitosti-vir\/\" >\n\t\t\t\tGlavne znamenitosti na otoku Vir\t\t\t<\/a>\n\t\t<\/h3>\n\t\t\t\t<div class=\"elementor-post__excerpt\">\n\t\t\t<p>Na otoku Vir se nahajajo \u0161tevilne znamenitosti, vsaka s svojo lastno zgodovinsko in kulturno dimenzijo ter posebnim pomenom za ta otok. Na tem mestu se<\/p>\n\t\t<\/div>\n\t\t\n\t\t<a class=\"elementor-post__read-more\" href=\"https:\/\/numberone-vir.com\/en\/znamenitosti-vir\/\" aria-label=\"Read more about Glavne znamenitosti na otoku Vir\" tabindex=\"-1\" >\n\t\t\tPreberi ve\u010d \u00bb\t\t<\/a>\n\n\t\t\t\t<\/div>\n\t\t\t\t<div class=\"elementor-post__meta-data\">\n\t\t\t\t\t<span class=\"elementor-post-date\">\n\t\t\t12.06.2024\t\t<\/span>\n\t\t\t\t<span class=\"elementor-post-avatar\">\n\t\t\tNo Comments\t\t<\/span>\n\t\t\t\t<\/div>\n\t\t\t\t\t<\/div>\n\t\t<\/article>\n\t\t\t\t<article class=\"elementor-post elementor-grid-item post-18114 post type-post status-publish format-standard has-post-thumbnail hentry category-kulinarika\">\n\t\t\t<div class=\"elementor-post__card\">\n\t\t\t\t<a class=\"elementor-post__thumbnail__link\" href=\"https:\/\/numberone-vir.com\/en\/kulinaricne-dobrote\/\" tabindex=\"-1\" ><div class=\"elementor-post__thumbnail\"><img loading=\"lazy\" decoding=\"async\" width=\"900\" height=\"600\" src=\"https:\/\/numberone-vir.com\/wp-content\/uploads\/2024\/06\/vir-kulinarika.jpg\" class=\"attachment-full size-full wp-image-18116\" alt=\"\" srcset=\"https:\/\/numberone-vir.com\/wp-content\/uploads\/2024\/06\/vir-kulinarika.jpg 900w, https:\/\/numberone-vir.com\/wp-content\/uploads\/2024\/06\/vir-kulinarika-300x200.jpg 300w, https:\/\/numberone-vir.com\/wp-content\/uploads\/2024\/06\/vir-kulinarika-768x512.jpg 768w, https:\/\/numberone-vir.com\/wp-content\/uploads\/2024\/06\/vir-kulinarika-18x12.jpg 18w\" sizes=\"auto, (max-width: 900px) 100vw, 900px\" \/><\/div><\/a>\n\t\t\t\t<div class=\"elementor-post__text\">\n\t\t\t\t<h3 class=\"elementor-post__title\">\n\t\t\t<a href=\"https:\/\/numberone-vir.com\/en\/kulinaricne-dobrote\/\" >\n\t\t\t\tKulinari\u010dne dobrote, ki jih preprosto morate poskusiti!\t\t\t<\/a>\n\t\t<\/h3>\n\t\t\t\t<div class=\"elementor-post__excerpt\">\n\t\t\t<p>Dalmatinska kuhinja ima svoje zna\u010dilnosti, podobno kot vsaka druga. V ospredju so predvsem morski sade\u017ei, ki se pripravljajo na razli\u010dne na\u010dine. Ribje jedi in \u0161koljke<\/p>\n\t\t<\/div>\n\t\t\n\t\t<a class=\"elementor-post__read-more\" href=\"https:\/\/numberone-vir.com\/en\/kulinaricne-dobrote\/\" aria-label=\"Read more about Kulinari\u010dne dobrote, ki jih preprosto morate poskusiti!\" tabindex=\"-1\" >\n\t\t\tPreberi ve\u010d \u00bb\t\t<\/a>\n\n\t\t\t\t<\/div>\n\t\t\t\t<div class=\"elementor-post__meta-data\">\n\t\t\t\t\t<span class=\"elementor-post-date\">\n\t\t\t11.06.2024\t\t<\/span>\n\t\t\t\t<span class=\"elementor-post-avatar\">\n\t\t\tNo Comments\t\t<\/span>\n\t\t\t\t<\/div>\n\t\t\t\t\t<\/div>\n\t\t<\/article>\n\t\t\t\t<\/div>\n\t\t\n\t\t\t\t<\/div>\n\t\t\t\t<\/div>\n\t\t\t\t<\/div>\n\t\t<div class=\"elementor-element elementor-element-d4b0e18 e-con-full e-flex e-con e-child\" data-id=\"d4b0e18\" data-element_type=\"container\" data-settings=\"{&quot;content_width&quot;:&quot;full&quot;,&quot;container_type&quot;:&quot;flex&quot;}\">\n\t\t\t\t<div class=\"elementor-element elementor-element-3eb6c8e elementor-widget__width-initial elementor-widget elementor-widget-sidebar\" data-id=\"3eb6c8e\" data-element_type=\"widget\" data-widget_type=\"sidebar.default\">\n\t\t\t\t<div class=\"elementor-widget-container\">\n\t\t\t<div id=\"categories-3\" class=\"sidebar-widget widget_categories\"><label class=\"h4\">Categories<\/label>\n\t\t\t<ul>\n\t\t\t\t\t<li class=\"cat-item cat-item-92\"><a href=\"https:\/\/numberone-vir.com\/en\/category\/kulinarika\/\">Kulinarika<\/a>\n<\/li>\n\t<li class=\"cat-item cat-item-89\"><a href=\"https:\/\/numberone-vir.com\/en\/category\/otok-vir\/\">The island of Vir<\/a>\n<\/li>\n\t\t\t<\/ul>\n\n\t\t\t<\/div>\t\t<\/div>\n\t\t\t\t<\/div>\n\t\t\t\t<\/div>\n\t\t\t\t\t<\/div>\n\t\t\t\t<\/div>\n\t\t\t\t\t\t\t<\/div>","protected":false},"excerpt":{"rendered":"","protected":false},"author":2,"featured_media":17595,"parent":0,"menu_order":12,"comment_status":"closed","ping_status":"closed","template":"","meta":{"footnotes":""},"class_list":["post-17969","page","type-page","status-publish","has-post-thumbnail","hentry"],"yoast_head":"<!-- This site is optimized with the Yoast SEO plugin v22.8 - https:\/\/yoast.com\/wordpress\/plugins\/seo\/ -->\n<title>Blog | Number One<\/title>\n<meta name=\"robots\" content=\"index, follow, max-snippet:-1, max-image-preview:large, max-video-preview:-1\" \/>\n<link rel=\"canonical\" href=\"https:\/\/numberone-vir.com\/en\/blog\/\" \/>\n<meta property=\"og:locale\" content=\"en_GB\" \/>\n<meta property=\"og:type\" content=\"article\" \/>\n<meta property=\"og:title\" content=\"Blog | Number One\" \/>\n<meta property=\"og:url\" content=\"https:\/\/numberone-vir.com\/en\/blog\/\" \/>\n<meta property=\"og:site_name\" content=\"Number One\" \/>\n<meta property=\"article:modified_time\" content=\"2024-06-12T09:11:23+00:00\" \/>\n<meta property=\"og:image\" content=\"https:\/\/numberone-vir.com\/wp-content\/uploads\/2023\/10\/vir-60.jpg\" \/>\n\t<meta property=\"og:image:width\" content=\"1600\" \/>\n\t<meta property=\"og:image:height\" content=\"900\" \/>\n\t<meta property=\"og:image:type\" content=\"image\/jpeg\" \/>\n<meta name=\"twitter:card\" content=\"summary_large_image\" \/>\n<meta name=\"twitter:label1\" content=\"Estimated reading time\" \/>\n\t<meta name=\"twitter:data1\" content=\"3 minutes\" \/>\n<script type=\"application\/ld+json\" class=\"yoast-schema-graph\">{\"@context\":\"https:\/\/schema.org\",\"@graph\":[{\"@type\":\"WebPage\",\"@id\":\"https:\/\/numberone-vir.com\/blog\/\",\"url\":\"https:\/\/numberone-vir.com\/blog\/\",\"name\":\"Blog | Number One\",\"isPartOf\":{\"@id\":\"https:\/\/numberone-vir.com\/#website\"},\"primaryImageOfPage\":{\"@id\":\"https:\/\/numberone-vir.com\/blog\/#primaryimage\"},\"image\":{\"@id\":\"https:\/\/numberone-vir.com\/blog\/#primaryimage\"},\"thumbnailUrl\":\"https:\/\/numberone-vir.com\/wp-content\/uploads\/2023\/10\/vir-60.jpg\",\"datePublished\":\"2024-06-10T10:36:45+00:00\",\"dateModified\":\"2024-06-12T09:11:23+00:00\",\"breadcrumb\":{\"@id\":\"https:\/\/numberone-vir.com\/blog\/#breadcrumb\"},\"inLanguage\":\"en-GB\",\"potentialAction\":[{\"@type\":\"ReadAction\",\"target\":[\"https:\/\/numberone-vir.com\/blog\/\"]}]},{\"@type\":\"ImageObject\",\"inLanguage\":\"en-GB\",\"@id\":\"https:\/\/numberone-vir.com\/blog\/#primaryimage\",\"url\":\"https:\/\/numberone-vir.com\/wp-content\/uploads\/2023\/10\/vir-60.jpg\",\"contentUrl\":\"https:\/\/numberone-vir.com\/wp-content\/uploads\/2023\/10\/vir-60.jpg\",\"width\":1600,\"height\":900,\"caption\":\"DCIM103MEDIADJI_0088.JPG\"},{\"@type\":\"BreadcrumbList\",\"@id\":\"https:\/\/numberone-vir.com\/blog\/#breadcrumb\",\"itemListElement\":[{\"@type\":\"ListItem\",\"position\":1,\"name\":\"Home\",\"item\":\"https:\/\/numberone-vir.com\/\"},{\"@type\":\"ListItem\",\"position\":2,\"name\":\"Blog\"}]},{\"@type\":\"WebSite\",\"@id\":\"https:\/\/numberone-vir.com\/#website\",\"url\":\"https:\/\/numberone-vir.com\/\",\"name\":\"Number One\",\"description\":\"Luksuzni apartmaji\",\"potentialAction\":[{\"@type\":\"SearchAction\",\"target\":{\"@type\":\"EntryPoint\",\"urlTemplate\":\"https:\/\/numberone-vir.com\/?s={search_term_string}\"},\"query-input\":\"required name=search_term_string\"}],\"inLanguage\":\"en-GB\"}]}<\/script>\n<!-- \/ Yoast SEO plugin. -->","yoast_head_json":{"title":"Blog | Number One","robots":{"index":"index","follow":"follow","max-snippet":"max-snippet:-1","max-image-preview":"max-image-preview:large","max-video-preview":"max-video-preview:-1"},"canonical":"https:\/\/numberone-vir.com\/en\/blog\/","og_locale":"en_GB","og_type":"article","og_title":"Blog | Number One","og_url":"https:\/\/numberone-vir.com\/en\/blog\/","og_site_name":"Number One","article_modified_time":"2024-06-12T09:11:23+00:00","og_image":[{"width":1600,"height":900,"url":"https:\/\/numberone-vir.com\/wp-content\/uploads\/2023\/10\/vir-60.jpg","type":"image\/jpeg"}],"twitter_card":"summary_large_image","twitter_misc":{"Estimated reading time":"3 minutes"},"schema":{"@context":"https:\/\/schema.org","@graph":[{"@type":"WebPage","@id":"https:\/\/numberone-vir.com\/blog\/","url":"https:\/\/numberone-vir.com\/blog\/","name":"Blog | Number One","isPartOf":{"@id":"https:\/\/numberone-vir.com\/#website"},"primaryImageOfPage":{"@id":"https:\/\/numberone-vir.com\/blog\/#primaryimage"},"image":{"@id":"https:\/\/numberone-vir.com\/blog\/#primaryimage"},"thumbnailUrl":"https:\/\/numberone-vir.com\/wp-content\/uploads\/2023\/10\/vir-60.jpg","datePublished":"2024-06-10T10:36:45+00:00","dateModified":"2024-06-12T09:11:23+00:00","breadcrumb":{"@id":"https:\/\/numberone-vir.com\/blog\/#breadcrumb"},"inLanguage":"en-GB","potentialAction":[{"@type":"ReadAction","target":["https:\/\/numberone-vir.com\/blog\/"]}]},{"@type":"ImageObject","inLanguage":"en-GB","@id":"https:\/\/numberone-vir.com\/blog\/#primaryimage","url":"https:\/\/numberone-vir.com\/wp-content\/uploads\/2023\/10\/vir-60.jpg","contentUrl":"https:\/\/numberone-vir.com\/wp-content\/uploads\/2023\/10\/vir-60.jpg","width":1600,"height":900,"caption":"DCIM103MEDIADJI_0088.JPG"},{"@type":"BreadcrumbList","@id":"https:\/\/numberone-vir.com\/blog\/#breadcrumb","itemListElement":[{"@type":"ListItem","position":1,"name":"Home","item":"https:\/\/numberone-vir.com\/"},{"@type":"ListItem","position":2,"name":"Blog"}]},{"@type":"WebSite","@id":"https:\/\/numberone-vir.com\/#website","url":"https:\/\/numberone-vir.com\/","name":"Number One","description":"Luksuzni apartmaji","potentialAction":[{"@type":"SearchAction","target":{"@type":"EntryPoint","urlTemplate":"https:\/\/numberone-vir.com\/?s={search_term_string}"},"query-input":"required name=search_term_string"}],"inLanguage":"en-GB"}]}},"_links":{"self":[{"href":"https:\/\/numberone-vir.com\/en\/wp-json\/wp\/v2\/pages\/17969","targetHints":{"allow":["GET"]}}],"collection":[{"href":"https:\/\/numberone-vir.com\/en\/wp-json\/wp\/v2\/pages"}],"about":[{"href":"https:\/\/numberone-vir.com\/en\/wp-json\/wp\/v2\/types\/page"}],"author":[{"embeddable":true,"href":"https:\/\/numberone-vir.com\/en\/wp-json\/wp\/v2\/users\/2"}],"replies":[{"embeddable":true,"href":"https:\/\/numberone-vir.com\/en\/wp-json\/wp\/v2\/comments?post=17969"}],"version-history":[{"count":22,"href":"https:\/\/numberone-vir.com\/en\/wp-json\/wp\/v2\/pages\/17969\/revisions"}],"predecessor-version":[{"id":18135,"href":"https:\/\/numberone-vir.com\/en\/wp-json\/wp\/v2\/pages\/17969\/revisions\/18135"}],"wp:featuredmedia":[{"embeddable":true,"href":"https:\/\/numberone-vir.com\/en\/wp-json\/wp\/v2\/media\/17595"}],"wp:attachment":[{"href":"https:\/\/numberone-vir.com\/en\/wp-json\/wp\/v2\/media?parent=17969"}],"curies":[{"name":"wp","href":"https:\/\/api.w.org\/{rel}","templated":true}]}}