{"id":17382,"date":"2023-07-26T14:09:46","date_gmt":"2023-07-26T14:09:32","guid":{"rendered":"https:\/\/numberone-vir.com\/apartma-z-balkonom-in-teraso42-copy\/"},"modified":"2024-06-07T12:51:28","modified_gmt":"2024-06-07T12:51:28","slug":"piskotki","status":"publish","type":"page","link":"https:\/\/numberone-vir.com\/en\/piskotki\/","title":{"rendered":"Cookies"},"content":{"rendered":"\t\t<div data-elementor-type=\"wp-page\" data-elementor-id=\"17382\" class=\"elementor elementor-17382\" data-elementor-post-type=\"page\">\n\t\t\t\t\t\t\t<div class=\"elementor-element elementor-element-e9aeaf6 animated-slow e-flex e-con-boxed elementor-invisible e-con e-parent\" data-id=\"e9aeaf6\" data-element_type=\"container\" data-settings=\"{&quot;background_background&quot;:&quot;classic&quot;,&quot;animation&quot;:&quot;fadeIn&quot;,&quot;animation_delay&quot;:0,&quot;shape_divider_bottom&quot;:&quot;mountains&quot;,&quot;container_type&quot;:&quot;flex&quot;,&quot;content_width&quot;:&quot;boxed&quot;}\" data-e-bg-lazyload=\"\" data-core-v316-plus=\"true\">\n\t\t\t\t\t<div class=\"e-con-inner\">\n\t\t\t\t<div class=\"elementor-shape elementor-shape-bottom\" data-negative=\"false\">\n\t\t\t<svg xmlns=\"http:\/\/www.w3.org\/2000\/svg\" viewBox=\"0 0 1000 100\" preserveAspectRatio=\"none\">\n\t<path class=\"elementor-shape-fill\" opacity=\"0.33\" d=\"M473,67.3c-203.9,88.3-263.1-34-320.3,0C66,119.1,0,59.7,0,59.7V0h1000v59.7 c0,0-62.1,26.1-94.9,29.3c-32.8,3.3-62.8-12.3-75.8-22.1C806,49.6,745.3,8.7,694.9,4.7S492.4,59,473,67.3z\"\/>\n\t<path class=\"elementor-shape-fill\" opacity=\"0.66\" d=\"M734,67.3c-45.5,0-77.2-23.2-129.1-39.1c-28.6-8.7-150.3-10.1-254,39.1 s-91.7-34.4-149.2,0C115.7,118.3,0,39.8,0,39.8V0h1000v36.5c0,0-28.2-18.5-92.1-18.5C810.2,18.1,775.7,67.3,734,67.3z\"\/>\n\t<path class=\"elementor-shape-fill\" d=\"M766.1,28.9c-200-57.5-266,65.5-395.1,19.5C242,1.8,242,5.4,184.8,20.6C128,35.8,132.3,44.9,89.9,52.5C28.6,63.7,0,0,0,0 h1000c0,0-9.9,40.9-83.6,48.1S829.6,47,766.1,28.9z\"\/>\n<\/svg>\t\t<\/div>\n\t\t\t\t<div class=\"elementor-element elementor-element-704d2de elementor-invisible elementor-widget elementor-widget-heading\" data-id=\"704d2de\" data-element_type=\"widget\" data-settings=\"{&quot;_animation&quot;:&quot;fadeInDown&quot;,&quot;_animation_delay&quot;:0}\" data-widget_type=\"heading.default\">\n\t\t\t\t<div class=\"elementor-widget-container\">\n\t\t\t<style>\/*! elementor - v3.16.0 - 20-09-2023 *\/\n.elementor-heading-title{padding:0;margin:0;line-height:1}.elementor-widget-heading .elementor-heading-title[class*=elementor-size-]>a{color:inherit;font-size:inherit;line-height:inherit}.elementor-widget-heading .elementor-heading-title.elementor-size-small{font-size:15px}.elementor-widget-heading .elementor-heading-title.elementor-size-medium{font-size:19px}.elementor-widget-heading .elementor-heading-title.elementor-size-large{font-size:29px}.elementor-widget-heading .elementor-heading-title.elementor-size-xl{font-size:39px}.elementor-widget-heading .elementor-heading-title.elementor-size-xxl{font-size:59px}<\/style><h2 class=\"elementor-heading-title elementor-size-default\">Pi\u0161kotki<\/h2>\t\t<\/div>\n\t\t\t\t<\/div>\n\t\t\t\t\t<\/div>\n\t\t\t\t<\/div>\n\t\t<div class=\"elementor-element elementor-element-09e0f90 e-flex e-con-boxed e-con e-parent\" data-id=\"09e0f90\" data-element_type=\"container\" data-settings=\"{&quot;container_type&quot;:&quot;flex&quot;,&quot;content_width&quot;:&quot;boxed&quot;}\" data-core-v316-plus=\"true\">\n\t\t\t\t\t<div class=\"e-con-inner\">\n\t\t\t\t<div class=\"elementor-element elementor-element-f768159 elementor-widget elementor-widget-text-editor\" data-id=\"f768159\" data-element_type=\"widget\" data-widget_type=\"text-editor.default\">\n\t\t\t\t<div class=\"elementor-widget-container\">\n\t\t\t<style>\/*! elementor - v3.16.0 - 20-09-2023 *\/\n.elementor-widget-text-editor.elementor-drop-cap-view-stacked .elementor-drop-cap{background-color:#69727d;color:#fff}.elementor-widget-text-editor.elementor-drop-cap-view-framed .elementor-drop-cap{color:#69727d;border:3px solid;background-color:transparent}.elementor-widget-text-editor:not(.elementor-drop-cap-view-default) .elementor-drop-cap{margin-top:8px}.elementor-widget-text-editor:not(.elementor-drop-cap-view-default) .elementor-drop-cap-letter{width:1em;height:1em}.elementor-widget-text-editor .elementor-drop-cap{float:left;text-align:center;line-height:1;font-size:50px}.elementor-widget-text-editor .elementor-drop-cap-letter{display:inline-block}<\/style>\t\t\t\t<div class=\"elementor-element elementor-element-59cf1d6a elementor-widget elementor-widget-text-editor\" data-id=\"59cf1d6a\" data-element_type=\"widget\" data-widget_type=\"text-editor.default\"><div class=\"elementor-widget-container\"><div class=\"elementor-text-editor elementor-clearfix\"><h3>O PI\u0160KOTKIH<\/h3>Pi\u0161kotke imamo vsi obiskovalci spletnih strani na svojih ra\u010dunalnikih, tablicah in mobilnih telefonoh shranjenih \u017ee veliko. Z novo zakonodajo (ZEKom-1) prihaja do sprememb glede obve\u0161\u010danja oz. sogla\u0161anja obiskovalcev z njihovo uporabo.<\/div><\/div><\/div><div class=\"elementor-element elementor-element-5ff34fa elementor-widget elementor-widget-text-editor\" data-id=\"5ff34fa\" data-element_type=\"widget\" data-widget_type=\"text-editor.default\"><div class=\"elementor-widget-container\"><div class=\"elementor-text-editor elementor-clearfix\"><h3>KAJ SO PI\u0160KOTKI<\/h3>Pi\u0161kotki v ra\u010dunalni\u0161tvu in v okviru interneta so male besedilne datoteke, ki jih ve\u010dina spletnih mest shrani v naprave, s katerimi uporabniki dostopajo do interneta z namenom prepoznavanja posameznih naprav, ki so jih uporabniki uporabili pri dostopu. Njihovo shranjevanje je pod popolnim nadzorom brskalnika, ki ga ima uporabnik \u2013 ta lahko shranjevanje pi\u0161kotkov po \u017eelji omeji ali onemogo\u010di.<\/div><\/div><\/div><div class=\"elementor-element elementor-element-34e4fa1 elementor-widget elementor-widget-text-editor\" data-id=\"34e4fa1\" data-element_type=\"widget\" data-widget_type=\"text-editor.default\"><div class=\"elementor-widget-container\"><div class=\"elementor-text-editor elementor-clearfix\"><h3>ZAKAJ SO POTREBNI?<\/h3>Pi\u0161kotki so temeljnega pomena za zagotavljanje uporabniku prijaznih spletnih storitev. Interakcija med spletnim uporabnikom in spletnim mestom je s pomo\u010djo pi\u0161kotkov hitrej\u0161a in enostavnej\u0161a. Z njihovo pomo\u010djo si spletno mesto zapomni posameznikove preference in izku\u0161nje, s tem je prihranjen \u010das, brskanje po spletnih mestih pa bolj u\u010dinkovito in prijazno. Nekaj konkretnih primerov uporabe pi\u0161kotkov:<ul><li>za bolj\u0161o uporabni\u0161ko izku\u0161njo spletne strani obiskovalcem prilagodimo prikaz vsebine glede na pretekle obiske<\/li><li>za shranjevanje izbire pri ustvarjanju o\u017ejega izbora naprav in ponudbe ter njihove primerjave<\/li><li>na delih spletnih mestih, kjer je potrebna prijava, vas ohranimo prijavljene<\/li><li>za prepoznavanje va\u0161e naprave (ra\u010dunalnik, tablica, mobitel), ki omogo\u010da prilagajanje prikaza vsebine va\u0161i napravi<\/li><li>za spremljanje obiska, kar omogo\u010da preverjanje u\u010dinkovitosti prikaza vsebin in ustreznosti oglasov ter stalno izbolj\u0161avo spletnih strani<\/li><li>za delovanje dolo\u010denih storitev so nujni (npr. spletne banke, spletne trgovine in druge oblike e-poslovanja, \u2026)<\/li><\/ul><\/div><\/div><\/div>\t\t\t\t\t\t<\/div>\n\t\t\t\t<\/div>\n\t\t\t\t\t<\/div>\n\t\t\t\t<\/div>\n\t\t\t\t\t\t\t<\/div>\n\t\t","protected":false},"excerpt":{"rendered":"<p>Pi\u0161kotki O PI\u0160KOTKIH Pi\u0161kotke imamo vsi obiskovalci spletnih strani na svojih ra\u010dunalnikih, tablicah in mobilnih telefonoh shranjenih \u017ee veliko. Z novo zakonodajo (ZEKom-1) prihaja do sprememb glede obve\u0161\u010danja oz. sogla\u0161anja obiskovalcev z njihovo uporabo. KAJ SO PI\u0160KOTKI Pi\u0161kotki v ra\u010dunalni\u0161tvu in v okviru interneta so male besedilne datoteke, ki jih ve\u010dina spletnih mest shrani v [&hellip;]<\/p>\n","protected":false},"author":1,"featured_media":16947,"parent":0,"menu_order":7,"comment_status":"closed","ping_status":"closed","template":"template-blank.php","meta":{"footnotes":""},"class_list":["post-17382","page","type-page","status-publish","has-post-thumbnail","hentry"],"yoast_head":"<!-- This site is optimized with the Yoast SEO plugin v22.8 - https:\/\/yoast.com\/wordpress\/plugins\/seo\/ -->\n<title>Pi\u0161kotki | Number One<\/title>\n<meta name=\"robots\" content=\"noindex, nofollow\" \/>\n<meta property=\"og:locale\" content=\"en_GB\" \/>\n<meta property=\"og:type\" content=\"article\" \/>\n<meta property=\"og:title\" content=\"Pi\u0161kotki | Number One\" \/>\n<meta property=\"og:description\" content=\"Pi\u0161kotki O PI\u0160KOTKIH Pi\u0161kotke imamo vsi obiskovalci spletnih strani na svojih ra\u010dunalnikih, tablicah in mobilnih telefonoh shranjenih \u017ee veliko. Z novo zakonodajo (ZEKom-1) prihaja do sprememb glede obve\u0161\u010danja oz. sogla\u0161anja obiskovalcev z njihovo uporabo. KAJ SO PI\u0160KOTKI Pi\u0161kotki v ra\u010dunalni\u0161tvu in v okviru interneta so male besedilne datoteke, ki jih ve\u010dina spletnih mest shrani v [&hellip;]\" \/>\n<meta property=\"og:url\" content=\"https:\/\/numberone-vir.com\/en\/piskotki\/\" \/>\n<meta property=\"og:site_name\" content=\"Number One\" \/>\n<meta property=\"article:modified_time\" content=\"2024-06-07T12:51:28+00:00\" \/>\n<meta property=\"og:image\" content=\"https:\/\/numberone-vir.com\/wp-content\/uploads\/2023\/07\/QueenSuitFor4-3.jpg\" \/>\n\t<meta property=\"og:image:width\" content=\"1600\" \/>\n\t<meta property=\"og:image:height\" content=\"1066\" \/>\n\t<meta property=\"og:image:type\" content=\"image\/jpeg\" \/>\n<meta name=\"twitter:card\" content=\"summary_large_image\" \/>\n<meta name=\"twitter:label1\" content=\"Estimated reading time\" \/>\n\t<meta name=\"twitter:data1\" content=\"2 minutes\" \/>\n<script type=\"application\/ld+json\" class=\"yoast-schema-graph\">{\"@context\":\"https:\/\/schema.org\",\"@graph\":[{\"@type\":\"WebPage\",\"@id\":\"https:\/\/numberone-vir.com\/piskotki\/\",\"url\":\"https:\/\/numberone-vir.com\/piskotki\/\",\"name\":\"Pi\u0161kotki | Number One\",\"isPartOf\":{\"@id\":\"https:\/\/numberone-vir.com\/#website\"},\"primaryImageOfPage\":{\"@id\":\"https:\/\/numberone-vir.com\/piskotki\/#primaryimage\"},\"image\":{\"@id\":\"https:\/\/numberone-vir.com\/piskotki\/#primaryimage\"},\"thumbnailUrl\":\"https:\/\/numberone-vir.com\/wp-content\/uploads\/2023\/07\/QueenSuitFor4-3.jpg\",\"datePublished\":\"2023-07-26T14:09:32+00:00\",\"dateModified\":\"2024-06-07T12:51:28+00:00\",\"breadcrumb\":{\"@id\":\"https:\/\/numberone-vir.com\/piskotki\/#breadcrumb\"},\"inLanguage\":\"en-GB\",\"potentialAction\":[{\"@type\":\"ReadAction\",\"target\":[\"https:\/\/numberone-vir.com\/piskotki\/\"]}]},{\"@type\":\"ImageObject\",\"inLanguage\":\"en-GB\",\"@id\":\"https:\/\/numberone-vir.com\/piskotki\/#primaryimage\",\"url\":\"https:\/\/numberone-vir.com\/wp-content\/uploads\/2023\/07\/QueenSuitFor4-3.jpg\",\"contentUrl\":\"https:\/\/numberone-vir.com\/wp-content\/uploads\/2023\/07\/QueenSuitFor4-3.jpg\",\"width\":1600,\"height\":1066},{\"@type\":\"BreadcrumbList\",\"@id\":\"https:\/\/numberone-vir.com\/piskotki\/#breadcrumb\",\"itemListElement\":[{\"@type\":\"ListItem\",\"position\":1,\"name\":\"Home\",\"item\":\"https:\/\/numberone-vir.com\/\"},{\"@type\":\"ListItem\",\"position\":2,\"name\":\"Pi\u0161kotki\"}]},{\"@type\":\"WebSite\",\"@id\":\"https:\/\/numberone-vir.com\/#website\",\"url\":\"https:\/\/numberone-vir.com\/\",\"name\":\"Number One\",\"description\":\"Luksuzni apartmaji\",\"potentialAction\":[{\"@type\":\"SearchAction\",\"target\":{\"@type\":\"EntryPoint\",\"urlTemplate\":\"https:\/\/numberone-vir.com\/?s={search_term_string}\"},\"query-input\":\"required name=search_term_string\"}],\"inLanguage\":\"en-GB\"}]}<\/script>\n<!-- \/ Yoast SEO plugin. -->","yoast_head_json":{"title":"Pi\u0161kotki | Number One","robots":{"index":"noindex","follow":"nofollow"},"og_locale":"en_GB","og_type":"article","og_title":"Pi\u0161kotki | Number One","og_description":"Pi\u0161kotki O PI\u0160KOTKIH Pi\u0161kotke imamo vsi obiskovalci spletnih strani na svojih ra\u010dunalnikih, tablicah in mobilnih telefonoh shranjenih \u017ee veliko. Z novo zakonodajo (ZEKom-1) prihaja do sprememb glede obve\u0161\u010danja oz. sogla\u0161anja obiskovalcev z njihovo uporabo. KAJ SO PI\u0160KOTKI Pi\u0161kotki v ra\u010dunalni\u0161tvu in v okviru interneta so male besedilne datoteke, ki jih ve\u010dina spletnih mest shrani v [&hellip;]","og_url":"https:\/\/numberone-vir.com\/en\/piskotki\/","og_site_name":"Number One","article_modified_time":"2024-06-07T12:51:28+00:00","og_image":[{"width":1600,"height":1066,"url":"https:\/\/numberone-vir.com\/wp-content\/uploads\/2023\/07\/QueenSuitFor4-3.jpg","type":"image\/jpeg"}],"twitter_card":"summary_large_image","twitter_misc":{"Estimated reading time":"2 minutes"},"schema":{"@context":"https:\/\/schema.org","@graph":[{"@type":"WebPage","@id":"https:\/\/numberone-vir.com\/piskotki\/","url":"https:\/\/numberone-vir.com\/piskotki\/","name":"Pi\u0161kotki | Number One","isPartOf":{"@id":"https:\/\/numberone-vir.com\/#website"},"primaryImageOfPage":{"@id":"https:\/\/numberone-vir.com\/piskotki\/#primaryimage"},"image":{"@id":"https:\/\/numberone-vir.com\/piskotki\/#primaryimage"},"thumbnailUrl":"https:\/\/numberone-vir.com\/wp-content\/uploads\/2023\/07\/QueenSuitFor4-3.jpg","datePublished":"2023-07-26T14:09:32+00:00","dateModified":"2024-06-07T12:51:28+00:00","breadcrumb":{"@id":"https:\/\/numberone-vir.com\/piskotki\/#breadcrumb"},"inLanguage":"en-GB","potentialAction":[{"@type":"ReadAction","target":["https:\/\/numberone-vir.com\/piskotki\/"]}]},{"@type":"ImageObject","inLanguage":"en-GB","@id":"https:\/\/numberone-vir.com\/piskotki\/#primaryimage","url":"https:\/\/numberone-vir.com\/wp-content\/uploads\/2023\/07\/QueenSuitFor4-3.jpg","contentUrl":"https:\/\/numberone-vir.com\/wp-content\/uploads\/2023\/07\/QueenSuitFor4-3.jpg","width":1600,"height":1066},{"@type":"BreadcrumbList","@id":"https:\/\/numberone-vir.com\/piskotki\/#breadcrumb","itemListElement":[{"@type":"ListItem","position":1,"name":"Home","item":"https:\/\/numberone-vir.com\/"},{"@type":"ListItem","position":2,"name":"Pi\u0161kotki"}]},{"@type":"WebSite","@id":"https:\/\/numberone-vir.com\/#website","url":"https:\/\/numberone-vir.com\/","name":"Number One","description":"Luksuzni apartmaji","potentialAction":[{"@type":"SearchAction","target":{"@type":"EntryPoint","urlTemplate":"https:\/\/numberone-vir.com\/?s={search_term_string}"},"query-input":"required name=search_term_string"}],"inLanguage":"en-GB"}]}},"_links":{"self":[{"href":"https:\/\/numberone-vir.com\/en\/wp-json\/wp\/v2\/pages\/17382","targetHints":{"allow":["GET"]}}],"collection":[{"href":"https:\/\/numberone-vir.com\/en\/wp-json\/wp\/v2\/pages"}],"about":[{"href":"https:\/\/numberone-vir.com\/en\/wp-json\/wp\/v2\/types\/page"}],"author":[{"embeddable":true,"href":"https:\/\/numberone-vir.com\/en\/wp-json\/wp\/v2\/users\/1"}],"replies":[{"embeddable":true,"href":"https:\/\/numberone-vir.com\/en\/wp-json\/wp\/v2\/comments?post=17382"}],"version-history":[{"count":7,"href":"https:\/\/numberone-vir.com\/en\/wp-json\/wp\/v2\/pages\/17382\/revisions"}],"predecessor-version":[{"id":17389,"href":"https:\/\/numberone-vir.com\/en\/wp-json\/wp\/v2\/pages\/17382\/revisions\/17389"}],"wp:featuredmedia":[{"embeddable":true,"href":"https:\/\/numberone-vir.com\/en\/wp-json\/wp\/v2\/media\/16947"}],"wp:attachment":[{"href":"https:\/\/numberone-vir.com\/en\/wp-json\/wp\/v2\/media?parent=17382"}],"curies":[{"name":"wp","href":"https:\/\/api.w.org\/{rel}","templated":true}]}}